{"id":707,"date":"2016-04-28T10:46:18","date_gmt":"2016-04-28T10:46:18","guid":{"rendered":"http:\/\/cazorla.es\/turismo\/?page_id=707"},"modified":"2024-06-27T07:19:04","modified_gmt":"2024-06-27T07:19:04","slug":"como-llegar","status":"publish","type":"page","link":"https:\/\/cazorla.es\/turismo\/como-llegar\/","title":{"rendered":"C\u00f3mo llegar"},"content":{"rendered":"<p>[et_pb_section fb_built=\u00bb1&#8243; admin_label=\u00bbSecci\u00f3n\u00bb _builder_version=\u00bb4.16&#8243; global_colors_info=\u00bb{}\u00bb][et_pb_row admin_label=\u00bbFila\u00bb _builder_version=\u00bb4.16&#8243; background_size=\u00bbinitial\u00bb background_position=\u00bbtop_left\u00bb background_repeat=\u00bbrepeat\u00bb global_colors_info=\u00bb{}\u00bb][et_pb_column type=\u00bb4_4&#8243; _builder_version=\u00bb4.16&#8243; custom_padding=\u00bb|||\u00bb global_colors_info=\u00bb{}\u00bb custom_padding__hover=\u00bb|||\u00bb][et_pb_text admin_label=\u00bbTexto\u00bb _builder_version=\u00bb4.16&#8243; background_size=\u00bbinitial\u00bb background_position=\u00bbtop_left\u00bb background_repeat=\u00bbrepeat\u00bb use_border_color=\u00bboff\u00bb border_color=\u00bb#ffffff\u00bb border_style=\u00bbsolid\u00bb global_colors_info=\u00bb{}\u00bb]<\/p>\n<h1>Como llegar<\/h1>\n<p>[\/et_pb_text][\/et_pb_column][\/et_pb_row][et_pb_row column_structure=\u00bb1_2,1_2&#8243; padding_mobile=\u00bboff\u00bb column_padding_mobile=\u00bbon\u00bb admin_label=\u00bbFila\u00bb _builder_version=\u00bb4.16&#8243; background_size=\u00bbinitial\u00bb background_position=\u00bbtop_left\u00bb background_repeat=\u00bbrepeat\u00bb custom_margin=\u00bb||0px|\u00bb make_fullwidth=\u00bboff\u00bb use_custom_width=\u00bboff\u00bb width_unit=\u00bbon\u00bb global_colors_info=\u00bb{}\u00bb][et_pb_column type=\u00bb1_2&#8243; _builder_version=\u00bb4.16&#8243; custom_padding=\u00bb|||\u00bb global_colors_info=\u00bb{}\u00bb custom_padding__hover=\u00bb|||\u00bb][et_pb_text admin_label=\u00bbTexto\u00bb _builder_version=\u00bb4.16&#8243; background_size=\u00bbinitial\u00bb background_position=\u00bbtop_left\u00bb background_repeat=\u00bbrepeat\u00bb text_orientation=\u00bbjustified\u00bb use_border_color=\u00bboff\u00bb border_color=\u00bb#ffffff\u00bb border_style=\u00bbsolid\u00bb global_colors_info=\u00bb{}\u00bb]<\/p>\n<p class=\"lead\">Las especiales caracter\u00edsticas de extensi\u00f3n y localizaci\u00f3n del Parque Natural y su situaci\u00f3n geogr\u00e1fica en la parte oriental de la provincia de Ja\u00e9n, limitando al nordeste con la Sierra de Alcaraz (Albacete) y al Sudoeste con el Parque Natural de la Sierra de Castril (Granada), facilitan los accesos al Parque Natural, desde m\u00faltiples procedencias.<\/p>\n<p class=\"lead\">El eje principal m\u00e1s cercano lo constituye la autov\u00eda Madrid-C\u00e1diz (N-IV), de la que parte la N-322 que conecta la zona con el resto de Andaluc\u00eda y resto de comunidades Aut\u00f3nomas, siendo la que verdaderamente articula el sistema viario del interior. Como quiera que el Parque Natural cuenta con una gran superficie, es por lo que detallamos a continuaci\u00f3n los accesos principales<\/p>\n<p class=\"lead\">La carretera principal para acercanos al Parque Natural, procedente del centro de Espa\u00f1a, es la N-322 que enlaza la autov\u00eda (N-IV) desde Bail\u00e9n direcci\u00f3n Albacete. Desde ella existen varias posibilidades para acceder al Parque Natural: \u00dabeda, Torreperogil (A-315), y desde aqu\u00ed a Peal de Becerro (A-315) y Cazorla (A-319); otra es seguir desde Torreperogil a Villacarrillo, Villanueva del Arzobispo, Puente G\u00e9nave y G\u00e9nave (N-322), si queremos acceder al Parque por la Sierra de Segura.<\/p>\n<p>&nbsp;<br \/>\n[\/et_pb_text][\/et_pb_column][et_pb_column type=\u00bb1_2&#8243; _builder_version=\u00bb4.16&#8243; custom_padding=\u00bb|||\u00bb global_colors_info=\u00bb{}\u00bb custom_padding__hover=\u00bb|||\u00bb][et_pb_image src=\u00bbhttp:\/\/cazorla.es\/turismo\/wp-content\/uploads\/2016\/04\/comollegar1.png\u00bb align_tablet=\u00bbcenter\u00bb align_phone=\u00bbcenter\u00bb align_last_edited=\u00bbon|desktop\u00bb admin_label=\u00bbImagen\u00bb _builder_version=\u00bb4.16&#8243; animation_style=\u00bbslide\u00bb animation_direction=\u00bbleft\u00bb animation_duration=\u00bb500ms\u00bb animation_intensity_slide=\u00bb10%\u00bb use_border_color=\u00bboff\u00bb border_color=\u00bb#ffffff\u00bb border_style=\u00bbsolid\u00bb animation=\u00bbleft\u00bb sticky=\u00bboff\u00bb always_center_on_mobile=\u00bbon\u00bb global_colors_info=\u00bb{}\u00bb][\/et_pb_image][\/et_pb_column][\/et_pb_row][et_pb_row admin_label=\u00bbFila\u00bb _builder_version=\u00bb4.16&#8243; background_size=\u00bbinitial\u00bb background_position=\u00bbtop_left\u00bb background_repeat=\u00bbrepeat\u00bb global_colors_info=\u00bb{}\u00bb][et_pb_column type=\u00bb4_4&#8243; _builder_version=\u00bb4.16&#8243; custom_padding=\u00bb|||\u00bb global_colors_info=\u00bb{}\u00bb custom_padding__hover=\u00bb|||\u00bb][et_pb_text admin_label=\u00bbTexto\u00bb _builder_version=\u00bb4.16&#8243; background_size=\u00bbinitial\u00bb background_position=\u00bbtop_left\u00bb background_repeat=\u00bbrepeat\u00bb text_orientation=\u00bbjustified\u00bb custom_margin=\u00bb0px|||\u00bb use_border_color=\u00bboff\u00bb border_color=\u00bb#ffffff\u00bb border_style=\u00bbsolid\u00bb global_colors_info=\u00bb{}\u00bb]<\/p>\n<p class=\"lead\">Para los que vienen del sudeste de Andaluc\u00eda, Murcia y Alicante, se accede por la A-92 N hasta las proximidades de Baza donde se enlaza con la comarcal A-315 que conduce hasta Pozo Alc\u00f3n. Esta misma v\u00eda puede tambi\u00e9n ser utilizada para los visitantes que proceden de Almer\u00eda y Granada, aunque tambi\u00e9n pueden llegar a trav\u00e9s de la A-44 y en cruce de la Venta de la Nava, desviarse por A- 308 hacia Iznalloz, y por la A-4001 a Pi\u00f1ar, desviarnos posteriormente por la A-401, con direcci\u00f3n a Torre C\u00e1rdela y Guadahortuna desde aqu\u00ed a J\u00f3dar (A-401). Continuaremos con direcci\u00f3n a \u00dabeda y a unos tres kms. Nos encontramos un cruce que tomaremos con direcci\u00f3n a Peal de Becerro (A6105) y desde aqu\u00ed, a Cazorla por la A-319.<\/p>\n<p class=\"lead\">Tambi\u00e9n los que accedan del norte de la provincia de Granada pueden hacerlo a trav\u00e9s de la C-321 que procedente de La Puebla de Don Fadrique conduce a Santiago de la Espada. Este \u00faltimo acceso es muy utilizado por los visitantes procedentes de la Comunidad Murciana<\/p>\n<p class=\"lead\">Si queremos acceder desde la Comunidad Valenciana la v\u00eda m\u00e1s c\u00f3moda y r\u00e1pida es la N-430, que nos conduce hasta Albacete, donde enlazaremos con la N-322 en direcci\u00f3n a G\u00e9nave y \u00dabeda.<\/p>\n<p class=\"lead\">Otro acceso se puede realizar por el norte de la provincia, a trav\u00e9s de la A-310 y JA-9111 que pasan por Siles y Villarrodrigo respectivamente.<\/p>\n<p>[\/et_pb_text][et_pb_text admin_label=\u00bbTexto\u00bb _builder_version=\u00bb4.16&#8243; background_size=\u00bbinitial\u00bb background_position=\u00bbtop_left\u00bb background_repeat=\u00bbrepeat\u00bb use_border_color=\u00bboff\u00bb border_color=\u00bb#ffffff\u00bb border_style=\u00bbsolid\u00bb global_colors_info=\u00bb{}\u00bb]<\/p>\n<h2 class=\"section-heading\">Mapa de Carreteras<\/h2>\n<p class=\"lead\">Pinchando <a href=\"http:\/\/cazorla.es\/turismo\/wp-content\/uploads\/2017\/12\/Red-Viaria-Ja%C3%A9n-2017.pdf\" target=\"_blank\" rel=\"noopener\">aqu\u00ed <\/a> puedes acceder y descargarte el Mapa de la Red Viaria de la Provincia.<\/p>\n<p>[\/et_pb_text][et_pb_code admin_label=\u00bbMapa\u00bb _builder_version=\u00bb4.25.2&#8243; hover_enabled=\u00bb0&#8243; global_colors_info=\u00bb{}\u00bb sticky_enabled=\u00bb0&#8243;]<\/p>\n<div><!-- [et_pb_line_break_holder] -->    <iframe <!-- [et_pb_line_break_holder] -->        src=\u00bbhttps:\/\/www.google.com\/maps\/embed?pb=!1m14!1m12!1m3!1d24326.080319548526!2d-3.00057!3d37.91389!2m3!1f0!2f0!3f0!3m2!1i1024!2i768!4f13.1!5e0!3m2!1sen!2s!4v1687876562261!5m2!1sen!2s\u00bb <!-- [et_pb_line_break_holder] -->        width=\u00bb1100&#8243; <!-- [et_pb_line_break_holder] -->        height=\u00bb720&#8243; <!-- [et_pb_line_break_holder] -->        frameborder=\u00bb0&#8243; <!-- [et_pb_line_break_holder] -->        style=\u00bbborder:0;\u00bb <!-- [et_pb_line_break_holder] -->        allowfullscreen=\u00bb\u00bb <!-- [et_pb_line_break_holder] -->        aria-hidden=\u00bbfalse\u00bb <!-- [et_pb_line_break_holder] -->        tabindex=\u00bb0&#8243;><!-- [et_pb_line_break_holder] -->    <\/iframe><!-- [et_pb_line_break_holder] --><\/div>\n<p>[\/et_pb_code][\/et_pb_column][\/et_pb_row][\/et_pb_section]<\/p>\n","protected":false},"excerpt":{"rendered":"<p>Como llegar Las especiales caracter\u00edsticas de extensi\u00f3n y localizaci\u00f3n del Parque Natural y su situaci\u00f3n geogr\u00e1fica en la parte oriental de la provincia de Ja\u00e9n, limitando al nordeste con la [&hellip;]<\/p>\n","protected":false},"author":1,"featured_media":0,"parent":0,"menu_order":0,"comment_status":"closed","ping_status":"closed","template":"","meta":{"_et_pb_use_builder":"on","_et_pb_old_content":"","_et_gb_content_width":"","footnotes":""},"class_list":["post-707","page","type-page","status-publish","hentry"],"_links":{"self":[{"href":"https:\/\/cazorla.es\/turismo\/wp-json\/wp\/v2\/pages\/707","targetHints":{"allow":["GET"]}}],"collection":[{"href":"https:\/\/cazorla.es\/turismo\/wp-json\/wp\/v2\/pages"}],"about":[{"href":"https:\/\/cazorla.es\/turismo\/wp-json\/wp\/v2\/types\/page"}],"author":[{"embeddable":true,"href":"https:\/\/cazorla.es\/turismo\/wp-json\/wp\/v2\/users\/1"}],"replies":[{"embeddable":true,"href":"https:\/\/cazorla.es\/turismo\/wp-json\/wp\/v2\/comments?post=707"}],"version-history":[{"count":22,"href":"https:\/\/cazorla.es\/turismo\/wp-json\/wp\/v2\/pages\/707\/revisions"}],"predecessor-version":[{"id":5231,"href":"https:\/\/cazorla.es\/turismo\/wp-json\/wp\/v2\/pages\/707\/revisions\/5231"}],"wp:attachment":[{"href":"https:\/\/cazorla.es\/turismo\/wp-json\/wp\/v2\/media?parent=707"}],"curies":[{"name":"wp","href":"https:\/\/api.w.org\/{rel}","templated":true}]}}