{"id":722,"date":"2016-04-28T10:50:40","date_gmt":"2016-04-28T10:50:40","guid":{"rendered":"http:\/\/cazorla.es\/turismo\/?page_id=722"},"modified":"2024-06-20T11:28:18","modified_gmt":"2024-06-20T11:28:18","slug":"transporte","status":"publish","type":"page","link":"https:\/\/cazorla.es\/turismo\/transporte\/","title":{"rendered":"Transporte"},"content":{"rendered":"<p>[et_pb_section fb_built=\u00bb1&#8243; admin_label=\u00bbSecci\u00f3n\u00bb _builder_version=\u00bb4.16&#8243; global_colors_info=\u00bb{}\u00bb][et_pb_row admin_label=\u00bbFila\u00bb _builder_version=\u00bb4.16&#8243; background_size=\u00bbinitial\u00bb background_position=\u00bbtop_left\u00bb background_repeat=\u00bbrepeat\u00bb global_colors_info=\u00bb{}\u00bb][et_pb_column type=\u00bb4_4&#8243; _builder_version=\u00bb4.16&#8243; custom_padding=\u00bb|||\u00bb global_colors_info=\u00bb{}\u00bb custom_padding__hover=\u00bb|||\u00bb][et_pb_text admin_label=\u00bbTexto\u00bb _builder_version=\u00bb4.16&#8243; background_size=\u00bbinitial\u00bb background_position=\u00bbtop_left\u00bb background_repeat=\u00bbrepeat\u00bb use_border_color=\u00bboff\u00bb border_color=\u00bb#ffffff\u00bb border_style=\u00bbsolid\u00bb global_colors_info=\u00bb{}\u00bb]<\/p>\n<h1> Transporte <\/h1>\n<p>[\/et_pb_text][\/et_pb_column][\/et_pb_row][et_pb_row padding_mobile=\u00bboff\u00bb column_padding_mobile=\u00bbon\u00bb admin_label=\u00bbFila\u00bb _builder_version=\u00bb4.16&#8243; background_size=\u00bbinitial\u00bb background_position=\u00bbtop_left\u00bb background_repeat=\u00bbrepeat\u00bb make_fullwidth=\u00bboff\u00bb use_custom_width=\u00bboff\u00bb width_unit=\u00bbon\u00bb global_colors_info=\u00bb{}\u00bb column_structure=\u00bb1_2,1_2&#8243;][et_pb_column type=\u00bb1_2&#8243; _builder_version=\u00bb4.16&#8243; custom_padding=\u00bb|||\u00bb global_colors_info=\u00bb{}\u00bb custom_padding__hover=\u00bb|||\u00bb][et_pb_text admin_label=\u00bbTexto\u00bb _builder_version=\u00bb4.16&#8243; background_size=\u00bbinitial\u00bb background_position=\u00bbtop_left\u00bb background_repeat=\u00bbrepeat\u00bb text_orientation=\u00bbjustified\u00bb use_border_color=\u00bboff\u00bb border_color=\u00bb#ffffff\u00bb border_style=\u00bbsolid\u00bb global_colors_info=\u00bb{}\u00bb]<\/p>\n<p class=\"lead\">El Parque Natural Sierras de Cazorla, Segura y Las Villas cuentan con una amplia red viaria que une los puntos mayor inter\u00e9s tur\u00edstico con los n\u00facleos de poblaci\u00f3n del interior del Parque Natural, tanto a trav\u00e9s de carreteras asfaltadas como de pistas forestales en buen estado de conservaci\u00f3n.<\/p>\n<p class=\"lead\">Aquellos visitantes que no cuenten con veh\u00edculo propio, no deben preocuparse mucho pues el Parque Natural cuenta con una amplia oferta de uso p\u00fablico entre los que destacaremos los siguientes:<\/p>\n<p>[\/et_pb_text][\/et_pb_column][et_pb_column type=\u00bb1_2&#8243; _builder_version=\u00bb4.16&#8243; custom_padding=\u00bb|||\u00bb global_colors_info=\u00bb{}\u00bb custom_padding__hover=\u00bb|||\u00bb][et_pb_image src=\u00bbhttp:\/\/cazorla.es\/turismo\/wp-content\/uploads\/2016\/04\/logotransporte.png\u00bb alt=\u00bbimac-cazorla\u00bb title_text=\u00bbimac-cazorla\u00bb align=\u00bbcenter\u00bb align_tablet=\u00bbcenter\u00bb align_last_edited=\u00bbon|desktop\u00bb admin_label=\u00bbImagen\u00bb _builder_version=\u00bb4.16&#8243; max_width=\u00bb335px\u00bb animation_style=\u00bbslide\u00bb animation_direction=\u00bbright\u00bb animation_duration=\u00bb500ms\u00bb animation_intensity_slide=\u00bb10%\u00bb use_border_color=\u00bboff\u00bb border_color=\u00bb#ffffff\u00bb border_style=\u00bbsolid\u00bb animation=\u00bbright\u00bb sticky=\u00bboff\u00bb always_center_on_mobile=\u00bbon\u00bb global_colors_info=\u00bb{}\u00bb align_phone=\u00bbcenter\u00bb][\/et_pb_image][\/et_pb_column][\/et_pb_row][\/et_pb_section][et_pb_section fb_built=\u00bb1&#8243; custom_padding_last_edited=\u00bbon|desktop\u00bb admin_label=\u00bbSecci\u00f3n\u00bb _builder_version=\u00bb4.16&#8243; background_color=\u00bb#ffffff\u00bb custom_padding_tablet=\u00bb50px|0|50px|0&#8243; transparent_background=\u00bboff\u00bb padding_mobile=\u00bboff\u00bb make_fullwidth=\u00bboff\u00bb use_custom_width=\u00bboff\u00bb width_unit=\u00bbon\u00bb global_colors_info=\u00bb{}\u00bb custom_padding_phone=\u00bb50px|0|50px|0&#8243;][et_pb_row admin_label=\u00bbFila\u00bb _builder_version=\u00bb4.16&#8243; background_size=\u00bbinitial\u00bb background_position=\u00bbtop_left\u00bb background_repeat=\u00bbrepeat\u00bb global_colors_info=\u00bb{}\u00bb][et_pb_column type=\u00bb4_4&#8243; _builder_version=\u00bb4.16&#8243; custom_padding=\u00bb|||\u00bb global_colors_info=\u00bb{}\u00bb custom_padding__hover=\u00bb|||\u00bb][et_pb_accordion admin_label=\u00bbAcorde\u00f3n\u00bb _builder_version=\u00bb4.16&#8243; use_border_color=\u00bboff\u00bb border_color=\u00bb#ffffff\u00bb border_style=\u00bbsolid\u00bb global_colors_info=\u00bb{}\u00bb][et_pb_accordion_item title=\u00bbTaxis (Parada Plaza de la Constituci\u00f3n, m\u00e1s conocida como %22La Tejera%22)\u00bb _builder_version=\u00bb4.16&#8243; global_colors_info=\u00bb{}\u00bb open=\u00bboff\u00bb]<\/p>\n<ul>\n<li>Jose \u00c1ngel Gil G\u00f3mez<\/li>\n<li>608 85 47 01<\/li>\n<\/ul>\n<ul>\n<li>Castor G\u00f3mez Palomares<\/li>\n<li>639 68 69 15<\/li>\n<\/ul>\n<ul>\n<li>Sebasti\u00e1n Serrano Garc\u00eda (24 horas)<\/li>\n<li>650 38 94 16<\/li>\n<\/ul>\n<ul>\n<li>Felipe D\u00edaz Mart\u00ednez<\/li>\n<li>953 72 15 11 \/\/ 689 63 81 22<\/li>\n<\/ul>\n<ul>\n<li>Francisco Bautista Fern\u00e1ndez<\/li>\n<li>953 72 00 62 \/\/ 659 67 05 92<\/li>\n<\/ul>\n<ul>\n<li>Felix V.Palomares<\/li>\n<li>689 36 65 82<\/li>\n<\/ul>\n<ul>\n<li>Antonio Gonz\u00e1lez Bautista<\/li>\n<li>639 67 93 57<\/li>\n<\/ul>\n<p>[\/et_pb_accordion_item][et_pb_accordion_item title=\u00bbAutobuses\u00bb _builder_version=\u00bb4.16&#8243; global_colors_info=\u00bb{}\u00bb open=\u00bbon\u00bb]<\/p>\n<ul>\n<li>Estaci\u00f3n de Autobuses de Cazorla.<\/li>\n<li>Direcci\u00f3n: Avenida del Guadalquivir s\/n<\/li>\n<li><a href=\"https:\/\/www.alsa.es\/\" target=\"_blank\" rel=\"noopener\"> Sitio Web <\/a><\/li>\n<\/ul>\n<ul>\n<ul>\n<li>Lineas Autobuses: (En el siguiente PDF puede consultar las diferentes l\u00edneas de autobus disponibles por ALSA a las principales ciudades cercanas (\u00dabeda, Ja\u00e9n, Granada)<\/li>\n<\/ul>\n<\/ul>\n<p>&nbsp;<\/p>\n<ul>\n<li><a href=\"http:\/\/cazorla.es\/turismo\/wp-content\/uploads\/2018\/01\/horariosbus.pdf\" target=\"_blank\" rel=\"noopener\">DESCARGAR PDF<\/a><\/li>\n<\/ul>\n<ul>\n<li>Autobuses Carcesa<\/li>\n<li>Direcci\u00f3n: Calle Poniente 2, Pol\u00edgono Industrial de Cazorla- 23470 Cazorla (Ja\u00e9n)<\/li>\n<li>Tef.: 953 72 11 42<\/li>\n<li>Tef2.:609 10 81 29<\/li>\n<li>Fax.: 953 72 12 07<\/li>\n<\/ul>\n<ul>\n<li>Autobuses Morante en Quesada<\/li>\n<li>Tef.: 953 73 34 67<\/li>\n<li>Direcci\u00f3n: Calle Nueva 4<\/li>\n<li>Tef.:953733148<\/li>\n<\/ul>\n<ul>\n<li>Alsa<\/li>\n<li>Direcci\u00f3n: C\/ San Jos\u00e9 6,<\/li>\n<li>Tef.: 953 75 21 57<\/li>\n<li>Lleva a cabo diariamente salidas desde, Granada, Ja\u00e9n, \u00dabeda y Linares a Cazorla, as\u00ed como desde Ja\u00e9n y \u00dabeda a otros municipios del Parque Natural<\/li>\n<li><a href=\"https:\/\/www.alsa.es\/\" target=\"_blank\" rel=\"noopener\"> Sitio Web <\/a><\/li>\n<\/ul>\n<ul>\n<li>Autobuses Enatcar-Bacoma \u00dabeda<\/li>\n<li>Direcci\u00f3n: C\/ San Jos\u00e9 6,<\/li>\n<li>Tef.: 953 75 18 78 \/\/ 952 23 95 96 \/\/ 952 32 13 66<\/li>\n<\/ul>\n<ul>\n<li>\u00dabeda Bus<\/li>\n<li>Direcci\u00f3n: Calle C\u00f3rdoba 24<\/li>\n<li>Tef.: 953757979<\/li>\n<li><a href=\"http:\/\/www.ubedabus.com\/\" target=\"_blank\" rel=\"noopener\"> Sitio Web <\/a><\/li>\n<\/ul>\n<ul>\n<li>Autobuses Mu\u00f1oz Amezcua en \u00dabeda<\/li>\n<li>Tef: 953 26 31 10 &#8211; 953 28 03 65<\/li>\n<\/ul>\n<ul>\n<li>Estaci\u00f3n de Autobuses de \u00dabeda<\/li>\n<li>Direcci\u00f3n: C\/ San Jos\u00e9 6,<\/li>\n<li>Tef.: 953 79 51 88<\/li>\n<li>Fax.: 953 79 51 89<\/li>\n<li>www.estacionautobusesubeda.com<\/li>\n<\/ul>\n<ul>\n<li>Estaci\u00f3n de Autobuses de Ja\u00e9n<\/li>\n<li>Tef.: 953 25 01 06<\/li>\n<\/ul>\n<p>[\/et_pb_accordion_item][et_pb_accordion_item title=\u00bbTren\u00bb _builder_version=\u00bb4.16&#8243; global_colors_info=\u00bb{}\u00bb open=\u00bboff\u00bb]<\/p>\n<ul>\n<li>RENFE (informaci\u00f3n General) Tef.: 902 24 02 02 <\/li>\n<li>RENFE Venta por Internet Tef.: 902 15 75 07<\/li>\n<li>RENFE (Estaci\u00f3n de Linares-Baeza) Tef.: 953 65 02 02<\/li>\n<li> <a href=\"http:\/\/www.renfe.com\/\" target=\"_blank\" rel=\"noopener\"> Sitio Web <\/a> <\/li>\n<\/ul>\n<p>[\/et_pb_accordion_item][et_pb_accordion_item title=\u00bbAeropuertos\u00bb _builder_version=\u00bb4.16&#8243; global_colors_info=\u00bb{}\u00bb open=\u00bboff\u00bb]<\/p>\n<ul>\n<li>AENA (Informaci\u00f3n General) Tef.: 902 40 47 04<\/li>\n<li>Aeropuerto de Granada-Ja\u00e9n (Federico Garc\u00eda Lorca), Tef.: 958 24 52 00<\/li>\n<li>Aeropuerto de C\u00f3rdoba Tef.: 957 21 41 00<\/li>\n<li>Aeropuerto de M\u00e1laga Tef.: 952 04 84 84<\/li>\n<li>Aeropuerto de Sevilla (San Pablo) Tef.: 954 26 09 15<\/li>\n<li> <a href=\"http:\/\/www.aena.es\/es\/pasajeros\/pasajeros.html\" target=\"_blank\" rel=\"noopener\"> Sitio Web <\/a> <\/li>\n<\/ul>\n<p>[\/et_pb_accordion_item][\/et_pb_accordion][\/et_pb_column][\/et_pb_row][\/et_pb_section]<\/p>\n","protected":false},"excerpt":{"rendered":"<p>Transporte El Parque Natural Sierras de Cazorla, Segura y Las Villas cuentan con una amplia red viaria que une los puntos mayor inter\u00e9s tur\u00edstico con los n\u00facleos de poblaci\u00f3n del [&hellip;]<\/p>\n","protected":false},"author":1,"featured_media":0,"parent":0,"menu_order":0,"comment_status":"closed","ping_status":"closed","template":"","meta":{"_et_pb_use_builder":"on","_et_pb_old_content":"","_et_gb_content_width":"","footnotes":""},"class_list":["post-722","page","type-page","status-publish","hentry"],"_links":{"self":[{"href":"https:\/\/cazorla.es\/turismo\/wp-json\/wp\/v2\/pages\/722","targetHints":{"allow":["GET"]}}],"collection":[{"href":"https:\/\/cazorla.es\/turismo\/wp-json\/wp\/v2\/pages"}],"about":[{"href":"https:\/\/cazorla.es\/turismo\/wp-json\/wp\/v2\/types\/page"}],"author":[{"embeddable":true,"href":"https:\/\/cazorla.es\/turismo\/wp-json\/wp\/v2\/users\/1"}],"replies":[{"embeddable":true,"href":"https:\/\/cazorla.es\/turismo\/wp-json\/wp\/v2\/comments?post=722"}],"version-history":[{"count":39,"href":"https:\/\/cazorla.es\/turismo\/wp-json\/wp\/v2\/pages\/722\/revisions"}],"predecessor-version":[{"id":5140,"href":"https:\/\/cazorla.es\/turismo\/wp-json\/wp\/v2\/pages\/722\/revisions\/5140"}],"wp:attachment":[{"href":"https:\/\/cazorla.es\/turismo\/wp-json\/wp\/v2\/media?parent=722"}],"curies":[{"name":"wp","href":"https:\/\/api.w.org\/{rel}","templated":true}]}}