{"id":813,"date":"2016-04-29T10:05:28","date_gmt":"2016-04-29T10:05:28","guid":{"rendered":"http:\/\/cazorla.es\/turismo\/?page_id=813"},"modified":"2018-07-16T09:41:00","modified_gmt":"2018-07-16T09:41:00","slug":"telefonos_interes","status":"publish","type":"page","link":"https:\/\/cazorla.es\/turismo\/telefonos_interes\/","title":{"rendered":"Tel\u00e9fonos de Inter\u00e9s"},"content":{"rendered":"<p>[et_pb_section admin_label=\u00bbSecci\u00f3n\u00bb fullwidth=\u00bboff\u00bb specialty=\u00bboff\u00bb][et_pb_row admin_label=\u00bbFila\u00bb][et_pb_column type=\u00bb4_4&#8243;][et_pb_accordion admin_label=\u00bbAcorde\u00f3n\u00bb use_border_color=\u00bboff\u00bb border_color=\u00bb#ffffff\u00bb border_style=\u00bbsolid\u00bb] [et_pb_accordion_item title=\u00bbTel\u00e9fonos de Inter\u00e9s\u00bb]<\/p>\n<ul>\n<li>Excmo. Ayuntamiento de Cazorla<\/li>\n<li>Direcci\u00f3n: Plaza Francisco Mart\u00ednez, 1 &#8211; 23470 Cazorla (Ja\u00e9n)<\/li>\n<li>Telf: 953 72 00 00 \/\/ 953 72 40 08<\/li>\n<li>Fax: 953 72 40 10 \/\/ 953 72 41 40<\/li>\n<li>Email: info@cazorla.es \/\/ alcaldia@cazorla.es \/\/ info@cazorla.es<\/li>\n<\/ul>\n<ul>\n<li>Pol\u00edcia Municipal<\/li>\n<li>Direcci\u00f3n: Plaza Francisco Mart\u00ednez, 1 &#8211; 23470 Cazorla (Ja\u00e9n)<\/li>\n<li>Telf: 953 72 01 81 \/\/ 689 19 30 91<\/li>\n<li>Fax: 953 72 41 39 \/\/ 953 72 40 10<\/li>\n<li>Email: policia@cazorla.es<\/li>\n<\/ul>\n<ul>\n<li>Protecci\u00f3n Civil<\/li>\n<li>Direcci\u00f3n:C\/ Xim\u00e9nez de Rada, 2 &#8211; 23470 Cazorla (Ja\u00e9n)<\/li>\n<li>Telf: 953 71 03 52\/\/ 606 30 26 51<\/li>\n<li>Email: proteccioncivilcazorla@cazorla.es<\/li>\n<\/ul>\n<ul>\n<li>Protecci\u00f3n Civil de Ja\u00e9n (Servicio de Urgencias)<\/li>\n<li>Telf: 953 00 31 12<\/li>\n<\/ul>\n<ul>\n<li>Urgencias Sanitarias<\/li>\n<li>Telf: 061<\/li>\n<\/ul>\n<ul>\n<li>Urgencias (CECEM)<\/li>\n<li>Telf: 112<\/li>\n<\/ul>\n<ul>\n<li>Juzgado de 1\u00aa Instancia e Instrucci\u00f3n (N\u00ba. 1)<\/li>\n<li>Direcci\u00f3n: Mercedes G\u00f3mez, s\/n &#8211; 23470 Cazorla (Ja\u00e9n)<\/li>\n<li>Telf: 953 72 00 02<\/li>\n<\/ul>\n<ul>\n<li>Juzgado de 1\u00aa Instancia e Instrucci\u00f3n (N\u00ba. 2)<\/li>\n<li>Direcci\u00f3n: Mercedes G\u00f3mez, s\/n &#8211; 23470 Cazorla (Ja\u00e9n)<\/li>\n<li>Telf: 953 72 00 05<\/li>\n<\/ul>\n<ul>\n<li>Guardia Civil<\/li>\n<li>Direcci\u00f3n: C\/ Jaime Cebri\u00e1n, 1 &#8211; 23470 Cazorla (Ja\u00e9n)<\/li>\n<li>Telf: 953 71 02 32<\/li>\n<li>Fax: 953 71 02 32<\/li>\n<\/ul>\n<ul>\n<li>ACEC (Asociaci\u00f3n Comarcal de Empresarios de Cazorla)<\/li>\n<li>Direcci\u00f3n: C\/ El Carmen, 15 &#8211; 23470 Cazorla (Ja\u00e9n)<\/li>\n<li>Telf: 953 71 03 60<\/li>\n<\/ul>\n<ul>\n<li>Oficina Municipal de Turismo de Cazorla<\/li>\n<li>Direcci\u00f3n: C\/ Plaza de Santa Mar\u00eda s\/n (Ruinas de Santa Mar\u00eda)- 23470 Cazorla (Ja\u00e9n)<\/li>\n<li>Telf: 953 71 01 02<\/li>\n<\/ul>\n<ul>\n<li>Oficinas del Parque Natural de las Sierras de Cazorla, Segura y Las Villas en Cazorla<\/li>\n<li>Direcci\u00f3n: C\/ Mart\u00ednez Falero, 11 &#8211; 23470 Cazorla (Ja\u00e9n)<\/li>\n<li>Telf: 953 72 01 25 \/\/ 953 72 01 26<\/li>\n<li>Fax: 953 71 00 19<\/li>\n<li>Email: PN.Cazorla.SyV@cma.junta-andalucia.es<\/li>\n<\/ul>\n<ul>\n<li>Oficinas del Parque Natural de las Sierras de Cazorla, Segura y Las Villas en Siles<\/li>\n<li>Direcci\u00f3n: C\/ Carretera, 27 Siles<\/li>\n<li>Telf: 953 49 00 03<\/li>\n<\/ul>\n<ul>\n<li>Consejer\u00eda de Medio Ambiente en Ja\u00e9n (Delegaci\u00f3n Provincial)<\/li>\n<li>Direcci\u00f3n: C\/ Fuente del Serbo, 3 JAEN<\/li>\n<li>Telf: 953 01 24 02 \/\/ 953 01 24 03<\/li>\n<\/ul>\n<ul>\n<li>Servicio Andaluz de Empleo (S.A.E.) I.N.E.M.<\/li>\n<li>Direcci\u00f3n: C\/ El Carmen, 15 &#8211; 23470 Cazorla (Ja\u00e9n)<\/li>\n<li>Telf: 953 72 03 75<\/li>\n<li>Fax: 953 72 07 88<\/li>\n<li>Email: Cazorla.sae@juntadeandalucia.es<\/li>\n<\/ul>\n<ul>\n<li>Oficina Comarcal Agraria (OCA)<\/li>\n<li>Direcci\u00f3n: C. El Carmen, 15-2\u00ba &#8211; 23470 Cazorla (Ja\u00e9n)<\/li>\n<li>Telf: 953 71 16 81<\/li>\n<li>Fax: 953 72 00 07<\/li>\n<li>Email: oca.cazorla.cap@juntadeandalucia.es<\/li>\n<\/ul>\n<ul>\n<li>Oficina de Informaci\u00f3n al Consumidor (OMIC)<\/li>\n<li>Direcci\u00f3n:C\/ Cruz de Orea, 56 &#8211; 23470 Cazorla (Ja\u00e9n)<\/li>\n<li>Telf: 953 72 03 58<\/li>\n<li>Fax: 953 72 03 58<\/li>\n<li>Email: omic@cazorla.es<\/li>\n<\/ul>\n<ul>\n<li>Instituto Nacional Seguridad Social<\/li>\n<li>Direcci\u00f3n: C\/ Mariano Extremera, 2 Bajos &#8211; 23470 Cazorla (Ja\u00e9n)<\/li>\n<li>Telf: 953 72 02 81<\/li>\n<\/ul>\n<ul>\n<li>Registro de la Propiedad<\/li>\n<li>Direcci\u00f3n: Avda. del Guadalquivir, 12 &#8211; 23470 Cazorla (Ja\u00e9n)<\/li>\n<li>Telf: 953 72 10 10<\/li>\n<li>Fax:953 71 01 49<\/li>\n<li>Email: www.info-registro.com \/\/ informacion@info-registro.com<\/li>\n<\/ul>\n<ul>\n<li>Servicio de Gesti\u00f3n Tributaria y Recaudaci\u00f3n<\/li>\n<li>Direcci\u00f3n: Plaza de Andaluc\u00eda, 11 &#8211; 23470 Cazorla (Ja\u00e9n)<\/li>\n<li>Telf: 953 72 06 00<\/li>\n<li>Fax: 953 72 09 05<\/li>\n<\/ul>\n<ul>\n<li>Oficina Municipal de Informaci\u00f3n a la Mujer<\/li>\n<li>Direcci\u00f3n: C\/ Mercedes G\u00f3mez, 20 &#8211; 23470 Cazorla (Ja\u00e9n)<\/li>\n<li>Telf: 953 72 40 16<\/li>\n<li>Fax: 953 72 00 01<\/li>\n<li>Email: mujer@cazorla.es<\/li>\n<\/ul>\n<ul>\n<li>Trabajadora Social<\/li>\n<li>Direcci\u00f3n: C\/ Mercedes G\u00f3mez, 20 &#8211; 23470 Cazorla (Ja\u00e9n)<\/li>\n<li>Telf: 953 72 02 30<\/li>\n<li>Fax: 953 72 00 01<\/li>\n<\/ul>\n<ul>\n<li>Concejal\u00eda de Igualdad y Bienestar Social<\/li>\n<li>Direcci\u00f3n: C\/ Mercedes G\u00f3mez, 20 &#8211; 23470 Cazorla (Ja\u00e9n)<\/li>\n<li>Telf: 953 72 40 75<\/li>\n<li>Fax: 953 72 00 01<\/li>\n<\/ul>\n<ul>\n<li>Escuela de Capacitaci\u00f3n y Experimentaci\u00f3n Forestal<\/li>\n<li>Direcci\u00f3n: Vadillo-Castril &#8211; 23470 Cazorla (Ja\u00e9n)<\/li>\n<li>Telf: 953 72 71 05<\/li>\n<li>Fax: 953 72 72 75<\/li>\n<\/ul>\n<ul>\n<li>Oficina de Informaci\u00f3n Juvenil<\/li>\n<li>Direcci\u00f3n: Plaza Francisco Mart\u00ednez, 1 &#8211; Bajo &#8211; 23470 Cazorla (Ja\u00e9n)<\/li>\n<li>Telf: 953 72 00 00 Ext.22<\/li>\n<li>Fax: 953 72 40 10<\/li>\n<li>Email: juventud@cazorla.es<\/li>\n<\/ul>\n<ul>\n<li>\u00c1rea de Cultura<\/li>\n<li>Direcci\u00f3n: Plaza de Santa Mar\u00eda, Edificio Ruinas de Santa Mar\u00eda &#8211; 23470 Cazorla (Ja\u00e9n)<\/li>\n<li>Telf: 953 71 01 02<\/li>\n<li>Fax: 953 72 01 02<\/li>\n<li>Email: cultura@cazorla.es<\/li>\n<\/ul>\n<ul>\n<li>Biblioteca<\/li>\n<li>Direcci\u00f3n: Paseo del Santo Cristo, 19 Bajos &#8211; 23470 Cazorla (Ja\u00e9n)<\/li>\n<li>Telf: 953 72 06 81<\/li>\n<li>Fax: 953 72 06 81<\/li>\n<li>Email: biblioteca@cazorla.es<\/li>\n<\/ul>\n<ul>\n<li>Aula Guadalinfo<\/li>\n<li>Direcci\u00f3n: Paseo del Santo Cristo, 19 &#8211; 23470 Cazorla (Ja\u00e9n)<\/li>\n<li>Telf: 953 72 06 81<\/li>\n<li>Fax: 953 72 06 81<\/li>\n<li>Email: guadalinfo@cazorla.es<\/li>\n<li>Web: http:\/\/guadalinfocazorla.blogspot.com<\/li>\n<\/ul>\n<ul>\n<li>Piscina Municipal Cubierta<\/li>\n<li>Direcci\u00f3n: C\/ R\u00edo Cerezuelo, 2 &#8211; 23470 Cazorla (Ja\u00e9n)<\/li>\n<li>Telf: 953 72 00 29<\/li>\n<li>Fax: 953 72 40 10<\/li>\n<\/ul>\n<ul>\n<li>Pabell\u00f3n Polideportivo Alcalde Jos\u00e9 Jorquera de la Hoz<\/li>\n<li>Direcci\u00f3n: Avda. del Guadalquivir, 107 &#8211; 23470 Cazorla (Ja\u00e9n)<\/li>\n<li>Telf: 953 71 05 12<\/li>\n<\/ul>\n<ul>\n<li>Ideal S\u00aa Cazorla<\/li>\n<li>Telf: 635 27 26 11 \/\/ 953 72 43 43<\/li>\n<li>Email: www.cazorla.ideal.es \/\/ cazorla@diarioideal.es<\/li>\n<\/ul>\n<ul>\n<li>Radio Cazorla y Tele Cazorla<\/li>\n<li>Direcci\u00f3n: C\/ Hilario Marco, 13 &#8211; 23470 Cazorla (Ja\u00e9n)<\/li>\n<li>Telf: 953 72 16 17 \/\/ 953 72 40 00<\/li>\n<li>Fax: 953 72 16 18<\/li>\n<li>Email: www.radioubeda.com \/\/ dialcazorla@terra.es<\/li>\n<\/ul>\n<ul>\n<li>Centro de Defensa Forestal (CEDEFO-Vadillo)<\/li>\n<li>Direcci\u00f3n: Vadillo-Castril, s\/n &#8211; 23470 Cazorla (Ja\u00e9n)<\/li>\n<li>Telf: 953 72 71 94<\/li>\n<\/ul>\n<ul>\n<li>Mercado de Abastos de Cazorla<\/li>\n<li>Direcci\u00f3n: Plaza de Andaluc\u00eda, 1 &#8211; 23470 Cazorla (Ja\u00e9n)<\/li>\n<li>Telf: 953 72 03 58<\/li>\n<\/ul>\n<ul>\n<li>Correos<\/li>\n<li>Direcci\u00f3n: C\/ Mariano Extremera, 2 &#8211; 23470 Cazorla (Ja\u00e9n)<\/li>\n<li>Telf: 953 72 02 61<\/li>\n<\/ul>\n<ul>\n<li>Notaria<\/li>\n<li>Direcci\u00f3n: C\/ Cronista Lorenzo Polaina, 8 &#8211; 23470 Cazorla (Ja\u00e9n)<\/li>\n<li>Telf: 953 72 01 58<\/li>\n<li>Fax: 953 72 01 59<\/li>\n<\/ul>\n<ul>\n<li>Centro de D\u00eda Sant\u00edsimo Cristo del Consuelo (Pensionistas)<\/li>\n<li>Direcci\u00f3n: Parada en Plaza de la Constituci\u00f3n s\/n &#8211; 23470 Cazorla (Ja\u00e9n)<\/li>\n<li>Telf: 953 72 17 30<\/li>\n<\/ul>\n<p>[\/et_pb_accordion_item][et_pb_accordion_item title=\u00bbAgencia de Viajes\u00bb]<\/p>\n<ul>\n<li>Viajes Auringis<\/li>\n<li>C\/ Hilario Marco, 23 (D-8)<\/li>\n<li>23470 Cazorla (Ja\u00e9n)<\/li>\n<li>Tef. Fax.: 953 72 40 22<\/li>\n<li>www.auringis.es<\/li>\n<li>uringiscazorla@gmail.com<\/li>\n<\/ul>\n<p>[\/et_pb_accordion_item][et_pb_accordion_item title=\u00bbAgroalimentarios\u00bb]<\/p>\n<ul>\n<li>Aceites Cazorla S.C.A.<\/li>\n<li>Ctra. Peal de Becerro a Hornos, Km. 10,5 (G-3)<\/li>\n<li>23470 Cazorla (Ja\u00e9n)<\/li>\n<li>Tef.: 953 72 40 31<\/li>\n<li>Fax.: 953 72 40 21<\/li>\n<li>www.aceitescazorla.com<\/li>\n<li>cazorla@aceitescazorla.com<\/li>\n<\/ul>\n<ul>\n<li>Almanzara Hist\u00f3rica \u00abLa Almedina\u00bb<\/li>\n<li>Ctra. de Peal de Becerro a Hornos, km 7,2 (A-319) (H-1)<\/li>\n<li>23470 Cazorla (Ja\u00e9n)<\/li>\n<li>Tef.: 953 72 03 31. M\u00f3vil.: 600 07 98 29<\/li>\n<\/ul>\n<ul>\n<li>Carnicer\u00eda Familia L\u00f3pez Fern\u00e1ndez<\/li>\n<li>C\/ Los P\u00f3stoles, 14 bajo<\/li>\n<li>Plaza de Andaluc\u00eda, 1 (Mercado Municipal de Abastos. Puesto 10) (D-9)<\/li>\n<li>23470 Cazorla (Ja\u00e9n)<\/li>\n<li>Tef.: 953 72 12 15 -953 18 01 60 . M\u00f3viles.: 629 55 03 44 . 626 22 93 39<\/li>\n<li>www.ugr.es\/~bienve\/carniceriafamilialopezfernandez\/<\/li>\n<li>jalopezfernandez@yahoo.es<\/li>\n<\/ul>\n<ul>\n<li>Carnicer\u00eda, salchicher\u00eda y embutidos Hermanos Nieto Delgado. S.L.<\/li>\n<li>Plaza de Andaluc\u00eda, 1 (Mercado Municipal de Abastos. Puesto 5) (D-9)<\/li>\n<li>23470 Cazorla (Ja\u00e9n)<\/li>\n<li>M\u00f3vil.: 625 36 21 20 . 625 38 51 19<\/li>\n<\/ul>\n<ul>\n<li>Charcuteria Domingo y Juani<\/li>\n<li>Plaza de Andaluc\u00eda, 1 (Mercado Municipal de Abastos. Puesto 6) (D-9)<\/li>\n<li>23470 Cazorla (Ja\u00e9n)<\/li>\n<li>M\u00f3vil.: 676 61 48 34<\/li>\n<\/ul>\n<ul>\n<li>Charcuter\u00eda y Venta de jamones El Chulo<\/li>\n<li>Plaza de Andaluc\u00eda, 1 (Mercado Municipal de Abastos. Puesto 24) (D-9)<\/li>\n<li>23470 Cazorla (Ja\u00e9n)<\/li>\n<li>Tef.: 953 73 82 21<\/li>\n<\/ul>\n<ul>\n<li>Carnicer\u00eda &#8211; Embutidos Carrasco, S.L.<\/li>\n<li>Plaza de los Aligustres, 2 Bajo<\/li>\n<li>Tef.: 953 720 251<\/li>\n<li>C\/ Doctor Mu\u00f1oz; 13 Bajo<\/li>\n<li>Tef.: 953 71 00 03<\/li>\n<li>23470 Cazorla (Ja\u00e9n)<\/li>\n<li>Web.: www.embutidoscarrasco.com<\/li>\n<\/ul>\n<ul>\n<li>Embutidos Ib\u00e9ricos Cazorla S.L.L<\/li>\n<li>Plaza de Andaluc\u00eda, 1 (Mercado Municipal de Abastos. Puesto, 2 &#8211; 3) (D-9)<\/li>\n<li>23470 Cazorla (Ja\u00e9n)<\/li>\n<li>M\u00f3vil.: 687 70 49 04<\/li>\n<\/ul>\n<ul>\n<li>Embutidos y Carnicer\u00eda Manuel Carrasco, S.L.<\/li>\n<li>Avda. del Guadalquivir, 99 (F-7) (D-9)<\/li>\n<li>Plaza de Andaluc\u00eda, 1 (Mercado Municipal de Abastos. Puesto, 4) (D-9)<\/li>\n<li>23470 Cazorla (Ja\u00e9n)<\/li>\n<li>Tef.: 953 72 09 89 . M\u00f3vil.: 625 57 31 07<\/li>\n<\/ul>\n<ul>\n<li>Embutidos y Carnicer\u00eda Navarro<\/li>\n<li>C\/ Huerta de Santa Luc\u00eda, 20 (F-5)<\/li>\n<li>C\/ Mart\u00ednez Falero, 22 (D-6)<\/li>\n<li>Plaza de Andaluc\u00eda, 1 (Mercado Municipal de Abastos. Puesto, 1) (D-9)<\/li>\n<li>23470 Cazorla (Ja\u00e9n)<\/li>\n<li>Tef.: 953 73 04 38 . M\u00f3vil.: 629 22 91 06<\/li>\n<li>embutidos.navarro@hotmail.com<\/li>\n<\/ul>\n<ul>\n<li>Embutidos y Carnicer\u00eda Tom\u00e1s Chill\u00f3n<\/li>\n<li>Plaza de Andaluc\u00eda, 1 (Mercado Municipal de Abastos. Puesto, 7) (D-9)<\/li>\n<li>23470 Cazorla (Ja\u00e9n)<\/li>\n<li>Tef.: 953 72 01 68 . M\u00f3vil.: 680 46 17 20<\/li>\n<\/ul>\n<ul>\n<li>Frutas Chillon<\/li>\n<li>Plaza de Andaluc\u00eda, 1 (Mercado Municipal de Abastos. Puesto, 17) (D-9)<\/li>\n<li>23470 Cazorla (Ja\u00e9n)<\/li>\n<li>M\u00f3vil.: 628 62 45 13<\/li>\n<\/ul>\n<ul>\n<li>Frutas Hermanos Ruiz Moreno S.L.<\/li>\n<li>Plaza de Andaluc\u00eda, 1 (Mercado Municipal de Abastos. Puesto, 9 &#8211; 29 &#8211; 30) (D-9)<\/li>\n<li>23470 Cazorla (Ja\u00e9n)<\/li>\n<li>M\u00f3vil.: 600 50 22 78<\/li>\n<\/ul>\n<ul>\n<li>Frutas Juanito<\/li>\n<li>Plaza de Andaluc\u00eda, 1 (Mercado Municipal de Abastos. Puesto, 8 &#8211; 27 &#8211; 28) (D-9)<\/li>\n<li>23470 Cazorla (Ja\u00e9n)<\/li>\n<li>M\u00f3vil.: 649 22 75 66<\/li>\n<\/ul>\n<ul>\n<li>Frutas y Hortalizas Mar\u00eda L\u00f3pez Manj\u00f3n<\/li>\n<li>Plaza de Andaluc\u00eda, 1 (Mercado Municipal de Abastos. Puesto, 31 &#8211; 32) (D-9)<\/li>\n<li>23470 Cazorla (Ja\u00e9n)<\/li>\n<li>M\u00f3vil.: 680 90 98 29<\/li>\n<\/ul>\n<ul>\n<li>Frutas y Verduras Manuela Olivares Rodr\u00edguez<\/li>\n<li>Plaza de Andaluc\u00eda, 1 (Mercado Municipal de Abastos. Puesto, 26) (D-9)<\/li>\n<li>23470 Cazorla (Ja\u00e9n)<\/li>\n<li>M\u00f3vil.: 626 09 84 70<\/li>\n<\/ul>\n<ul>\n<li>Fruter\u00eda Adan<\/li>\n<li>Plaza de Andaluc\u00eda, 1 (Mercado Municipal de Abastos. Puesto, 21 &#8211; 22) (D-9)<\/li>\n<li>23470 Cazorla (Ja\u00e9n)<\/li>\n<\/ul>\n<ul>\n<li>Herbolario Canela en Rama<\/li>\n<li>Plaza de Andaluc\u00eda, 1 (Mercado Municipal de Abastos . Puesto, 20) (D-9)<\/li>\n<li>23470 Cazorla (Ja\u00e9n)<\/li>\n<li>Tel.: 953 72 08 17 . M\u00f3vil.: 617 78 33 13<\/li>\n<\/ul>\n<ul>\n<li>Hortelana Isabel Rodr\u00edguez Melero<\/li>\n<li>Plaza de Andaluc\u00eda, 1 (Mercado Municipal de Abastos . Puesto, 25) (D-9)<\/li>\n<li>23470 Cazorla (Ja\u00e9n)<\/li>\n<li>M\u00f3vil.: 606 17 48 05<\/li>\n<\/ul>\n<ul>\n<li>La Alacena de la Abuela<\/li>\n<li>Plaza de Santa Mar\u00eda, 5 (C-11)<\/li>\n<li>23470 Cazorla (Ja\u00e9n)<\/li>\n<li>Tef.: 953 71 05 45 . M\u00f3vil.: 696 69 73 90<\/li>\n<li>www.cazorlaturismorural.com<\/li>\n<li>titolin69@hotmail.com<\/li>\n<\/ul>\n<ul>\n<li>La Despensa del Parque Natural<\/li>\n<li>Plaza de la Constituci\u00f3n, 5 (D-8)<\/li>\n<li>23470 Cazorla (Ja\u00e9n)<\/li>\n<li>Tef. Fax.: 953 75 01 15<\/li>\n<li>ladespensaparquenatural@gmail.com<\/li>\n<\/ul>\n<ul>\n<li>Panader\u00eda y Pasteler\u00eda La Plaza<\/li>\n<li>Plaza de Andaluc\u00eda, 1 (Mercado Municipal de Abastos . Puesto, 23) (C-11)<\/li>\n<li>23470 Cazorla (Ja\u00e9n)<\/li>\n<li>M\u00f3vil.: 680 46 17 56<\/li>\n<\/ul>\n<ul>\n<li>Pescader\u00eda Juana Jord\u00e1n Vi\u00f1as<\/li>\n<li>Plaza de Andaluc\u00eda, 1 (Mercado Municipal de Abastos . Puesto, 16) (C-11)<\/li>\n<li>23470 Cazorla (Ja\u00e9n)<\/li>\n<li>Tef.: 953 71 05 27<\/li>\n<\/ul>\n<ul>\n<li>Pescader\u00eda Manuel Serrano Cano<\/li>\n<li>Direcci\u00f3n: Plaza de Andaluc\u00eda, 1 (Mercado Municipal de Abastos . Puesto, 18) 23470 Cazorla (Ja\u00e9n) (C-11)<\/li>\n<li>M\u00f3vil.: 629 72 98 59<\/li>\n<\/ul>\n<ul>\n<li>Pescader\u00edas El T\u00edmon<\/li>\n<li>Direcci\u00f3n: C\/ Mariano Foronda, 36 23470 Cazorla (Ja\u00e9n)<\/li>\n<li>M\u00f3vil.: 678 19 41 74<\/li>\n<\/ul>\n<ul>\n<li>Productos Naturales El Corazon de Cazorla<\/li>\n<li>Venta de productos ecol\u00f3gicos certificados<\/li>\n<li>Direcci\u00f3n: Plaza de Andaluc\u00eda, 1 (Mercado Municipal de Abastos . Puesto, 14) 23470 Cazorla (Ja\u00e9n) (C-11)<\/li>\n<\/ul>\n<p>[\/et_pb_accordion_item][et_pb_accordion_item title=\u00bbBancos y Cajas de Ahorros\u00bb]<\/p>\n<ul>\n<li>Banco de Andaluc\u00eda<\/li>\n<li>Direcci\u00f3n: C\/ Paseo del Santo Cristo, 1 (D-7)<\/li>\n<li>Tef.: 953 72 10 13 . Fax: 953 72 40 67.<\/li>\n<li>Servicio cajero autom\u00e1tico de Tarjeta 4B<\/li>\n<\/ul>\n<ul>\n<li>M\u00f3vil.: 666 93 67 01<\/li>\n<li>Banesto<\/li>\n<li>Direcci\u00f3n: Plaza de la Corredera, 13 (D-10)<\/li>\n<li>Tef.: 953 72 00 54 . Fax: 953 72 07 58<\/li>\n<li>Servicio cajero autom\u00e1tico Tarjeta 4B<\/li>\n<\/ul>\n<ul>\n<li>Caja de Ahorros y Pensiones de Barcelona (La Caixa)<\/li>\n<li>Direcci\u00f3n: Plaza de la Constituci\u00f3n, 3 (D-8)<\/li>\n<li>Tef.: 953 76 00 00 . 953 72 60 01 .<\/li>\n<li>Servicio de Servired<\/li>\n<\/ul>\n<ul>\n<li>Caja General de Ahorros de Granada (La General)<\/li>\n<li>Direcci\u00f3n: C\/ Doctor Mu\u00f1oz, 21 (D-9)<\/li>\n<li>Tef.: 953 72 09 84 . Fax: 953 71 05 01.<\/li>\n<li>Servicio cajero autom\u00e1tico Tarjeta EURO 6000<\/li>\n<\/ul>\n<ul>\n<li>Caja Rural de Ja\u00e9n<\/li>\n<li>Direcci\u00f3n: Plaza de la Corredera, 23 (D-9 \/D-10)<\/li>\n<li>Tef.: 953 72 02 54 . Fax: 953 72 19 08<\/li>\n<li>Servicio cajero autom\u00e1tico Tarjeta Servired<\/li>\n<\/ul>\n<ul>\n<li>Cajasur<\/li>\n<li>Direcci\u00f3n: C\/ Doctor Mu\u00f1oz, 21 (D-9)<\/li>\n<li>Tef.: 953 72 03 62 . Fax: 953 72 06 09<\/li>\n<li>Servicio cajero autom\u00e1tico Tarjeta 6000<\/li>\n<\/ul>\n<ul>\n<li>Deutsche Bank (Agente)<\/li>\n<li>Direcci\u00f3n: Avda. Guadalquivir, 17 (E-4)<\/li>\n<li>Tef. Fax: 953 72 02 61<\/li>\n<li>Servicio SERVIRED<\/li>\n<\/ul>\n<ul>\n<li>Unicaja<\/li>\n<li>Direcci\u00f3n: Plaza de la Constituci\u00f3n, 2 (D-8)<\/li>\n<li>Tef.: 953 72 08 33 . Fax: 953 72 40 64<\/li>\n<li>Servicio cajero autom\u00e1tico Tarjeta EURO 6000 MAESTRO, 4B, VISA<\/li>\n<\/ul>\n<p>[\/et_pb_accordion_item][et_pb_accordion_item title=\u00bbPanader\u00edas\u00bb]<\/p>\n<ul>\n<li>Confiter\u00eda y Pasteler\u00eda Pe\u00f1a<\/li>\n<li>Direcci\u00f3n: C\/ Doctor Mu\u00f1oz, 26 23470 Cazorla (Ja\u00e9n) (D-9)<\/li>\n<li>Tef.: 953 72 08 55<\/li>\n<\/ul>\n<ul>\n<li>El Horno de Jos\u00e9 Antonio Garc\u00eda S.L.<\/li>\n<li>Direcci\u00f3n: Avda. del Guadalquivir, 38 (F-5)<\/li>\n<li>Tef.: 953 72 05 08 &#8211; Fax: 953 71 04 88<\/li>\n<li>Direcci\u00f3n: C\/ Hilario Marco, 1 (D-8)<\/li>\n<li>Tef.: 953 72 03 60<\/li>\n<\/ul>\n<ul>\n<li>Panader\u00eda Los Belerde\u00f1os S.L.<\/li>\n<li>Direcci\u00f3n: Avda. Guadalquivir, 97 (F-7) 23470 Cazorla (Ja\u00e9n)<\/li>\n<li>Tef.: 953 72 17 47 M\u00f3vil: 678 10 89 54<\/li>\n<\/ul>\n<ul>\n<li>Panader\u00eda Montesinos Berzosa<\/li>\n<li>Direcci\u00f3n: C\/ La Pedrosa, 38 (C-5 \/D-5) 23470 Cazorla (Ja\u00e9n)<\/li>\n<li>Tef.: 953 72 20 73<\/li>\n<\/ul>\n<ul>\n<li>Panader\u00eda Morillas<\/li>\n<li>Direcci\u00f3n: C\/ La Pileta, 2 (C-8) 23470 Cazorla (Ja\u00e9n)<\/li>\n<li>Tef.: 953 72 21 57<\/li>\n<\/ul>\n<ul>\n<li>Panader\u00eda y Boller\u00eda Fr\u00edas<\/li>\n<li>Direcci\u00f3n: Camino del \u00c1ngel, 1 (C-12) 23470 Cazorla (Ja\u00e9n)<\/li>\n<li>Tef.: 953 72 03 35 . M\u00f3vil.: 666 21 26 24<\/li>\n<\/ul>\n<p>[\/et_pb_accordion_item] [\/et_pb_accordion][\/et_pb_column][\/et_pb_row][\/et_pb_section]<\/p>\n","protected":false},"excerpt":{"rendered":"<p>Excmo. Ayuntamiento de Cazorla Direcci\u00f3n: Plaza Francisco Mart\u00ednez, 1 &#8211; 23470 Cazorla (Ja\u00e9n) Telf: 953 72 00 00 \/\/ 953 72 40 08 Fax: 953 72 40 10 \/\/ 953 [&hellip;]<\/p>\n","protected":false},"author":1,"featured_media":0,"parent":0,"menu_order":0,"comment_status":"closed","ping_status":"closed","template":"","meta":{"_et_pb_use_builder":"on","_et_pb_old_content":"","_et_gb_content_width":"","footnotes":""},"class_list":["post-813","page","type-page","status-publish","hentry"],"_links":{"self":[{"href":"https:\/\/cazorla.es\/turismo\/wp-json\/wp\/v2\/pages\/813","targetHints":{"allow":["GET"]}}],"collection":[{"href":"https:\/\/cazorla.es\/turismo\/wp-json\/wp\/v2\/pages"}],"about":[{"href":"https:\/\/cazorla.es\/turismo\/wp-json\/wp\/v2\/types\/page"}],"author":[{"embeddable":true,"href":"https:\/\/cazorla.es\/turismo\/wp-json\/wp\/v2\/users\/1"}],"replies":[{"embeddable":true,"href":"https:\/\/cazorla.es\/turismo\/wp-json\/wp\/v2\/comments?post=813"}],"version-history":[{"count":5,"href":"https:\/\/cazorla.es\/turismo\/wp-json\/wp\/v2\/pages\/813\/revisions"}],"predecessor-version":[{"id":2824,"href":"https:\/\/cazorla.es\/turismo\/wp-json\/wp\/v2\/pages\/813\/revisions\/2824"}],"wp:attachment":[{"href":"https:\/\/cazorla.es\/turismo\/wp-json\/wp\/v2\/media?parent=813"}],"curies":[{"name":"wp","href":"https:\/\/api.w.org\/{rel}","templated":true}]}}