{"id":818,"date":"2016-04-29T10:16:50","date_gmt":"2016-04-29T10:16:50","guid":{"rendered":"http:\/\/cazorla.es\/turismo\/?page_id=818"},"modified":"2024-06-21T10:26:25","modified_gmt":"2024-06-21T10:26:25","slug":"copas_cazorla","status":"publish","type":"page","link":"https:\/\/cazorla.es\/turismo\/copas_cazorla\/","title":{"rendered":"De copas por Cazorla"},"content":{"rendered":"<p>[et_pb_section fb_built=\u00bb1&#8243; custom_padding_last_edited=\u00bbon|desktop\u00bb admin_label=\u00bbSecci\u00f3n\u00bb _builder_version=\u00bb4.16&#8243; background_color=\u00bb#ffffff\u00bb custom_padding_tablet=\u00bb50px|0|50px|0&#8243; transparent_background=\u00bboff\u00bb padding_mobile=\u00bboff\u00bb make_fullwidth=\u00bboff\u00bb use_custom_width=\u00bboff\u00bb width_unit=\u00bbon\u00bb global_colors_info=\u00bb{}\u00bb custom_padding_phone=\u00bb50px|0|50px|0&#8243;][et_pb_row padding_mobile=\u00bboff\u00bb column_padding_mobile=\u00bbon\u00bb admin_label=\u00bbFila\u00bb _builder_version=\u00bb4.16&#8243; background_size=\u00bbinitial\u00bb background_position=\u00bbtop_left\u00bb background_repeat=\u00bbrepeat\u00bb make_fullwidth=\u00bboff\u00bb use_custom_width=\u00bboff\u00bb width_unit=\u00bbon\u00bb global_colors_info=\u00bb{}\u00bb column_structure=\u00bb1_2,1_2&#8243;][et_pb_column type=\u00bb1_2&#8243; _builder_version=\u00bb4.16&#8243; custom_padding=\u00bb|||\u00bb global_colors_info=\u00bb{}\u00bb custom_padding__hover=\u00bb|||\u00bb][et_pb_text admin_label=\u00bbTexto\u00bb _builder_version=\u00bb4.16&#8243; background_size=\u00bbinitial\u00bb background_position=\u00bbtop_left\u00bb background_repeat=\u00bbrepeat\u00bb text_orientation=\u00bbjustified\u00bb use_border_color=\u00bboff\u00bb border_color=\u00bb#ffffff\u00bb border_style=\u00bbsolid\u00bb global_colors_info=\u00bb{}\u00bb]<\/p>\n<h1>De copas por Cazorla<\/h1>\n<h5>Cazorla recoge en todos sus rincones m\u00e1s emblematicos diversos establecimientos para pasar un rato agradable con familia y amigos y tomar una cerveza fresquita, un refresco, un helado o las mejores copas, tanto por el d\u00eda, como por la noche.<\/h5>\n<h5>En la parte inferior encontrar\u00e1n un mapa con la localizaci\u00f3n de los diferentes establecimientos de nuestra localidad.<\/h5>\n<ul>\n<li class=\"lead\">Antique &#8211; Calle Paseo del Santo Cristo, 1<\/li>\n<li class=\"lead\">Tito Boli- Calle Paseo del Santo Cristo, 1<\/li>\n<li class=\"lead\">Boabdil &#8211; Plaza de Santa Mar\u00eda s\/n<\/li>\n<li class=\"lead\">Red Rocket &#8211; Calle Paseo del Santo Cristo, 19<\/li>\n<li class=\"lead\">Caf\u00e9 del Alma &#8211; Callej\u00f3n de Jose Mar\u00eda Mar\u00edn s\/n<\/li>\n<li class=\"lead\">Indian &#8211; Calle Poeta Antonio Machado, 10<\/li>\n<li class=\"lead\">La Rana Verde &#8211; Calle San Juan, 12<\/li>\n<li class=\"lead\">La Taberna de Chema &#8211; Plaza de la Corredera 6<\/li>\n<li class=\"lead\">Rick`s Caf\u00e9 &#8211; Avda. Cronista Lorenzo Pol\u00e1ino 4<\/li>\n<li class=\"lead\">Tentaciones &#8211; Calle Juan Domingo 3 (al lado de la Tejera)<\/li>\n<li class=\"lead\">Underground &#8211; Calle Hilario Marco, 4<\/li>\n<li class=\"lead\">Viola &#8211; Calle Negrillo, 2<\/li>\n<li class=\"lead\">Caf\u00e9 Heladeria Route 66 &#8211; Plaza Mauricio Mart\u00ednez 2 (Frente Albergue)<\/li>\n<\/ul>\n<p>[\/et_pb_text][\/et_pb_column][et_pb_column type=\u00bb1_2&#8243; _builder_version=\u00bb4.16&#8243; custom_padding=\u00bb|||\u00bb global_colors_info=\u00bb{}\u00bb custom_padding__hover=\u00bb|||\u00bb][et_pb_image src=\u00bbhttp:\/\/cazorla.es\/turismo\/wp-content\/uploads\/2016\/04\/copas_cazorla.jpg\u00bb alt=\u00bbimac-cazorla\u00bb title_text=\u00bbimac-cazorla\u00bb align=\u00bbcenter\u00bb force_fullwidth=\u00bbon\u00bb align_tablet=\u00bbcenter\u00bb align_last_edited=\u00bbon|desktop\u00bb admin_label=\u00bbImagen\u00bb _builder_version=\u00bb4.16&#8243; animation_style=\u00bbslide\u00bb animation_direction=\u00bbright\u00bb animation_duration=\u00bb500ms\u00bb animation_intensity_slide=\u00bb10%\u00bb use_border_color=\u00bboff\u00bb border_color=\u00bb#ffffff\u00bb border_style=\u00bbsolid\u00bb animation=\u00bbright\u00bb sticky=\u00bboff\u00bb always_center_on_mobile=\u00bbon\u00bb global_colors_info=\u00bb{}\u00bb align_phone=\u00bbcenter\u00bb] [\/et_pb_image][\/et_pb_column][\/et_pb_row][\/et_pb_section][et_pb_section fb_built=\u00bb1&#8243; admin_label=\u00bbSecci\u00f3n\u00bb _builder_version=\u00bb4.16&#8243; global_colors_info=\u00bb{}\u00bb][et_pb_row admin_label=\u00bbFila\u00bb _builder_version=\u00bb4.16&#8243; background_size=\u00bbinitial\u00bb background_position=\u00bbtop_left\u00bb background_repeat=\u00bbrepeat\u00bb global_colors_info=\u00bb{}\u00bb][et_pb_column type=\u00bb4_4&#8243; _builder_version=\u00bb4.16&#8243; custom_padding=\u00bb|||\u00bb global_colors_info=\u00bb{}\u00bb custom_padding__hover=\u00bb|||\u00bb][et_pb_code admin_label=\u00bbC\u00f3digo\u00bb _builder_version=\u00bb4.16&#8243; global_colors_info=\u00bb{}\u00bb]<iframe loading=\"lazy\" src=\"https:\/\/www.google.com\/maps\/d\/embed?mid=102D5K98yp8U8XtXh7H-tQ3MbQrR82g6Z\" width=\"1000\" height=\"450\"><\/iframe>[\/et_pb_code][\/et_pb_column][\/et_pb_row][\/et_pb_section]<\/p>\n","protected":false},"excerpt":{"rendered":"<p>De copas por Cazorla Cazorla recoge en todos sus rincones m\u00e1s emblematicos diversos establecimientos para pasar un rato agradable con familia y amigos y tomar una cerveza fresquita, un refresco, [&hellip;]<\/p>\n","protected":false},"author":1,"featured_media":0,"parent":0,"menu_order":0,"comment_status":"closed","ping_status":"closed","template":"","meta":{"_et_pb_use_builder":"on","_et_pb_old_content":"","_et_gb_content_width":"","footnotes":""},"class_list":["post-818","page","type-page","status-publish","hentry"],"_links":{"self":[{"href":"https:\/\/cazorla.es\/turismo\/wp-json\/wp\/v2\/pages\/818","targetHints":{"allow":["GET"]}}],"collection":[{"href":"https:\/\/cazorla.es\/turismo\/wp-json\/wp\/v2\/pages"}],"about":[{"href":"https:\/\/cazorla.es\/turismo\/wp-json\/wp\/v2\/types\/page"}],"author":[{"embeddable":true,"href":"https:\/\/cazorla.es\/turismo\/wp-json\/wp\/v2\/users\/1"}],"replies":[{"embeddable":true,"href":"https:\/\/cazorla.es\/turismo\/wp-json\/wp\/v2\/comments?post=818"}],"version-history":[{"count":29,"href":"https:\/\/cazorla.es\/turismo\/wp-json\/wp\/v2\/pages\/818\/revisions"}],"predecessor-version":[{"id":5157,"href":"https:\/\/cazorla.es\/turismo\/wp-json\/wp\/v2\/pages\/818\/revisions\/5157"}],"wp:attachment":[{"href":"https:\/\/cazorla.es\/turismo\/wp-json\/wp\/v2\/media?parent=818"}],"curies":[{"name":"wp","href":"https:\/\/api.w.org\/{rel}","templated":true}]}}